{"id":870,"date":"2026-04-08T06:12:34","date_gmt":"2026-04-08T05:12:34","guid":{"rendered":"http:\/\/piwstrzelce.pl\/?page_id=870"},"modified":"2026-04-08T06:16:37","modified_gmt":"2026-04-08T05:16:37","slug":"rejestracja-hodowli-psow-kotow-fretek","status":"publish","type":"page","link":"http:\/\/piwstrzelce.pl\/?page_id=870","title":{"rendered":"Rejestracja hodowli ps\u00f3w\/kot\u00f3w\/fretek"},"content":{"rendered":"<p><a href=\"http:\/\/piwstrzelce.pl\/wp-content\/uploads\/Wniosek_rejestracja_hodowli_psow_kotow.docx\">Wniosek o rejestracj\u0119 zak\u0142adu prowadz\u0105cego hodowl\u0119 ps\u00f3w\/kot\u00f3w.<\/a><\/p>\n","protected":false},"excerpt":{"rendered":"<p>Wniosek o rejestracj\u0119 zak\u0142adu prowadz\u0105cego hodowl\u0119 ps\u00f3w\/kot\u00f3w.<\/p>\n","protected":false},"author":1,"featured_media":0,"parent":0,"menu_order":0,"comment_status":"closed","ping_status":"closed","template":"","meta":{"footnotes":""},"class_list":["post-870","page","type-page","status-publish","hentry"],"_links":{"self":[{"href":"http:\/\/piwstrzelce.pl\/index.php?rest_route=\/wp\/v2\/pages\/870"}],"collection":[{"href":"http:\/\/piwstrzelce.pl\/index.php?rest_route=\/wp\/v2\/pages"}],"about":[{"href":"http:\/\/piwstrzelce.pl\/index.php?rest_route=\/wp\/v2\/types\/page"}],"author":[{"embeddable":true,"href":"http:\/\/piwstrzelce.pl\/index.php?rest_route=\/wp\/v2\/users\/1"}],"replies":[{"embeddable":true,"href":"http:\/\/piwstrzelce.pl\/index.php?rest_route=%2Fwp%2Fv2%2Fcomments&post=870"}],"version-history":[{"count":4,"href":"http:\/\/piwstrzelce.pl\/index.php?rest_route=\/wp\/v2\/pages\/870\/revisions"}],"predecessor-version":[{"id":876,"href":"http:\/\/piwstrzelce.pl\/index.php?rest_route=\/wp\/v2\/pages\/870\/revisions\/876"}],"wp:attachment":[{"href":"http:\/\/piwstrzelce.pl\/index.php?rest_route=%2Fwp%2Fv2%2Fmedia&parent=870"}],"curies":[{"name":"wp","href":"https:\/\/api.w.org\/{rel}","templated":true}]}}